{"id":915,"date":"2019-04-13T21:07:02","date_gmt":"2019-04-13T19:07:02","guid":{"rendered":"http:\/\/www.conssur.com\/web2\/?page_id=915"},"modified":"2019-04-13T21:22:07","modified_gmt":"2019-04-13T19:22:07","slug":"ibm-maximo-asset-management","status":"publish","type":"page","link":"http:\/\/www.conssur.com\/web2\/ibm-maximo-asset-management\/","title":{"rendered":"IBM Maximo Asset Management"},"content":{"rendered":"<p><strong>IBM MAXIMO ASSET MANAGEMENT<\/strong>\u00a0es la herramienta l\u00edder mundial en gesti\u00f3n de activos corporativos (Enterprise Asset Management).<\/p>\n<p>Ofrece una completa gesti\u00f3n del mantenimiento y del ciclo de vida de todo tipo de activos desde una \u00fanica plataforma unificada.<\/p>\n<p>Proporciona una arquitectura escalable orientada a servicios con una plataforma flexible de configuraci\u00f3n de procesos empresariales que se adapta a los diferentes requisitos de su empresa y se conecta f\u00e1cilmente con el resto de sus sistemas empresariales<\/p>\n<p><strong>Maximo Asset Management incluye seis m\u00f3dulos de gesti\u00f3n:<\/strong><\/p>\n<p><img loading=\"lazy\" class=\"aligncenter wp-image-916 size-medium\" src=\"http:\/\/www.conssur.com\/web2\/wp-content\/uploads\/2019\/04\/Modulos-300x231.jpg\" alt=\"\" width=\"300\" height=\"231\" srcset=\"http:\/\/www.conssur.com\/web2\/wp-content\/uploads\/2019\/04\/Modulos-300x231.jpg 300w, http:\/\/www.conssur.com\/web2\/wp-content\/uploads\/2019\/04\/Modulos.jpg 573w\" sizes=\"(max-width: 300px) 100vw, 300px\" \/><\/p>\n<ul>\n<li><strong>Gesti\u00f3n de activos \u2013<\/strong>\u00a0Obtenga el control\u00a0 que necesita para realizar un seguimiento y gestionar eficazmente los activos y los datos de ubicaci\u00f3n durante todo su ciclo de vida.<\/li>\n<li><strong>Gesti\u00f3n de trabajos \u2013<\/strong>\u00a0Gestione tanto las actividades laborales planificadas como no planificadas, desde la solicitud inicial hasta el registro final de la ejecuci\u00f3n del trabajo. Pronostique sus mantenimientos programados y establezca las condiciones para el mantenimiento por estado.<\/li>\n<li><strong>Gesti\u00f3n de materiales \u2013<\/strong>\u00a0Gestione eficientemente el inventario de materiales, partes, herramientas y servicios utilizados por su empresa. Conozca el detalle de su uso, incluido qu\u00e9, qui\u00e9n, d\u00f3nde, y el costo de cada parte inventario.<\/li>\n<li><strong>Gesti\u00f3n de contratos \u2013<\/strong>\u00a0Obtenga un soporte completo para la adquisici\u00f3n, leasing, alquiler, garant\u00eda, tasas de mano de obra, software, maestros, colectivos y contratos definidos por el usuario<\/li>\n<li><strong>Gesti\u00f3n de suministros \u2013<\/strong>\u00a0Soporte para todas las fases de aprovisionamiento de toda la empresa, como compras directas y reposici\u00f3n de inventario.<\/li>\n<li><strong>Gesti\u00f3n de servicios \u2013<\/strong>\u00a0Defina las ofertas de servicios y supervise proactivamente el cumplimiento de sus acuerdos empresariales.<\/li>\n<\/ul>\n<p>&nbsp;<\/p>\n<hr \/>\n<p style=\"text-align: center;\"><span style=\"color: #000000;\"><strong>LINKS DE INTER\u00c9S<\/strong><\/span><\/p>\n<hr \/>\n<p style=\"text-align: center;\"><a href=\"http:\/\/www-03.ibm.com\/software\/products\/es\/maximoassetmanagement\" class=\"btn button btn-shortcode kad-btn kad-btn-primary\" id=\"kadbtn743\" target=\"_blank\" style=\"background-color:#dda249;color:#FFF;\"onMouseOver=\"this.style.background='#999',this.style.color=''\" onMouseOut=\"this.style.background='#dda249', this.style.color='#FFF'\"><strong>Informaci\u00f3n provista por IBM<\/strong><\/a>\n<p style=\"text-align: center;\"><a href=\"http:\/\/www-01.ibm.com\/support\/docview.wss?uid=swg21697301\" class=\"btn button btn-shortcode kad-btn kad-btn-primary\" id=\"kadbtn433\" target=\"_blank\" style=\"background-color:#dda249;color:#FFF;\"onMouseOver=\"this.style.background='#999',this.style.color=''\" onMouseOut=\"this.style.background='#dda249', this.style.color='#FFF'\"><strong>Ver la herramienta en funcionamiento<\/strong><\/a>\n","protected":false},"excerpt":{"rendered":"<p>IBM MAXIMO ASSET MANAGEMENT\u00a0es la herramienta l\u00edder mundial en gesti\u00f3n de activos corporativos (Enterprise Asset Management). Ofrece una completa gesti\u00f3n del mantenimiento y del ciclo de vida de todo tipo de activos desde una \u00fanica plataforma unificada. Proporciona una arquitectura &hellip; <a href=\"http:\/\/www.conssur.com\/web2\/ibm-maximo-asset-management\/\">Continuar<\/a><\/p>\n","protected":false},"author":1,"featured_media":0,"parent":0,"menu_order":0,"comment_status":"closed","ping_status":"closed","template":"page-fullwidth.php","meta":[],"_links":{"self":[{"href":"http:\/\/www.conssur.com\/web2\/wp-json\/wp\/v2\/pages\/915"}],"collection":[{"href":"http:\/\/www.conssur.com\/web2\/wp-json\/wp\/v2\/pages"}],"about":[{"href":"http:\/\/www.conssur.com\/web2\/wp-json\/wp\/v2\/types\/page"}],"author":[{"embeddable":true,"href":"http:\/\/www.conssur.com\/web2\/wp-json\/wp\/v2\/users\/1"}],"replies":[{"embeddable":true,"href":"http:\/\/www.conssur.com\/web2\/wp-json\/wp\/v2\/comments?post=915"}],"version-history":[{"count":15,"href":"http:\/\/www.conssur.com\/web2\/wp-json\/wp\/v2\/pages\/915\/revisions"}],"predecessor-version":[{"id":932,"href":"http:\/\/www.conssur.com\/web2\/wp-json\/wp\/v2\/pages\/915\/revisions\/932"}],"wp:attachment":[{"href":"http:\/\/www.conssur.com\/web2\/wp-json\/wp\/v2\/media?parent=915"}],"curies":[{"name":"wp","href":"https:\/\/api.w.org\/{rel}","templated":true}]}}