{"id":933,"date":"2019-04-13T21:23:48","date_gmt":"2019-04-13T19:23:48","guid":{"rendered":"http:\/\/www.conssur.com\/web2\/?page_id=933"},"modified":"2019-04-13T21:23:48","modified_gmt":"2019-04-13T19:23:48","slug":"quienes-somos","status":"publish","type":"page","link":"http:\/\/www.conssur.com\/web2\/quienes-somos\/","title":{"rendered":"Quienes somos"},"content":{"rendered":"<p><strong>Misi\u00f3n: <\/strong>Nuestra misi\u00f3n es proveer servicios de consultor\u00eda para la implantaci\u00f3n, soporte y evoluci\u00f3n<br \/>\nde los sistemas de Gesti\u00f3n de Mantenimiento de las empresas.<\/p>\n<p><strong>Visi\u00f3n: <\/strong>Ser reconocidos por la seriedad, cordialidad y el compromiso en alcanzar la mejor soluci\u00f3n<br \/>\npara nuestros clientes.\u00a0 Lograr la preferencia de nuestros clientes por la calidad de nuestros servicios.<\/p>\n<p><strong>Valores:<\/strong><\/p>\n<ul>\n<li><em>Responsabilidad:<\/em>\u00a0Vigilamos cuidadosamente el cumplimiento de todos los<br \/>\ncompromisos adquiridos respetando enf\u00e1ticamente el valor de la palabra empe\u00f1ada.<\/li>\n<li><em>Cordialidad:<\/em> Colaboramos con esmero en la creaci\u00f3n y el cuidado de un ambiente laboral cordial y amable apoyando todas las conductas que ayuden a preservarlo.<\/li>\n<li><em>Calidad:<\/em> Estamos comprometidos y dedicados a alcanzar la soluci\u00f3n de nivel funcional y t\u00e9cnico de mayor valor para nuestros clientes.<\/li>\n<\/ul>\n","protected":false},"excerpt":{"rendered":"<p>Misi\u00f3n: Nuestra misi\u00f3n es proveer servicios de consultor\u00eda para la implantaci\u00f3n, soporte y evoluci\u00f3n de los sistemas de Gesti\u00f3n de Mantenimiento de las empresas. Visi\u00f3n: Ser reconocidos por la seriedad, cordialidad y el compromiso en alcanzar la mejor soluci\u00f3n para &hellip; <a href=\"http:\/\/www.conssur.com\/web2\/quienes-somos\/\">Continuar<\/a><\/p>\n","protected":false},"author":1,"featured_media":0,"parent":0,"menu_order":0,"comment_status":"closed","ping_status":"closed","template":"page-fullwidth.php","meta":[],"_links":{"self":[{"href":"http:\/\/www.conssur.com\/web2\/wp-json\/wp\/v2\/pages\/933"}],"collection":[{"href":"http:\/\/www.conssur.com\/web2\/wp-json\/wp\/v2\/pages"}],"about":[{"href":"http:\/\/www.conssur.com\/web2\/wp-json\/wp\/v2\/types\/page"}],"author":[{"embeddable":true,"href":"http:\/\/www.conssur.com\/web2\/wp-json\/wp\/v2\/users\/1"}],"replies":[{"embeddable":true,"href":"http:\/\/www.conssur.com\/web2\/wp-json\/wp\/v2\/comments?post=933"}],"version-history":[{"count":1,"href":"http:\/\/www.conssur.com\/web2\/wp-json\/wp\/v2\/pages\/933\/revisions"}],"predecessor-version":[{"id":934,"href":"http:\/\/www.conssur.com\/web2\/wp-json\/wp\/v2\/pages\/933\/revisions\/934"}],"wp:attachment":[{"href":"http:\/\/www.conssur.com\/web2\/wp-json\/wp\/v2\/media?parent=933"}],"curies":[{"name":"wp","href":"https:\/\/api.w.org\/{rel}","templated":true}]}}